{"id":24423,"date":"2024-12-11T12:03:08","date_gmt":"2024-12-11T11:03:08","guid":{"rendered":"https:\/\/obrop.uwr.edu.pl\/projekt-pnfn\/"},"modified":"2025-01-13T13:59:21","modified_gmt":"2025-01-13T12:59:21","slug":"projekt-pnfn","status":"publish","type":"page","link":"https:\/\/obrop.uwr.edu.pl\/en\/projekt-pnfn\/","title":{"rendered":"Projects"},"content":{"rendered":"\n<div class=\"wp-block-media-text alignwide is-stacked-on-mobile is-image-fill bs-news-page bs-page-links\"><figure class=\"wp-block-media-text__media\" style=\"background-image:url(https:\/\/obrop.uwr.edu.pl\/wp-content\/uploads\/sites\/570\/2021\/04\/1-44-of-49-1024x683.jpg);background-position:50% 50%\"><img loading=\"lazy\" decoding=\"async\" width=\"1024\" height=\"683\" src=\"https:\/\/obrop.uwr.edu.pl\/wp-content\/uploads\/sites\/570\/2021\/04\/1-44-of-49-1024x683.jpg\" alt=\"Osoba pisz\u0105ca na laptopie\" class=\"wp-image-1141 size-full\" srcset=\"https:\/\/obrop.uwr.edu.pl\/wp-content\/uploads\/sites\/570\/2021\/04\/1-44-of-49-1024x683.jpg 1024w, https:\/\/obrop.uwr.edu.pl\/wp-content\/uploads\/sites\/570\/2021\/04\/1-44-of-49-300x200.jpg 300w, https:\/\/obrop.uwr.edu.pl\/wp-content\/uploads\/sites\/570\/2021\/04\/1-44-of-49-768x512.jpg 768w, https:\/\/obrop.uwr.edu.pl\/wp-content\/uploads\/sites\/570\/2021\/04\/1-44-of-49-1536x1024.jpg 1536w, https:\/\/obrop.uwr.edu.pl\/wp-content\/uploads\/sites\/570\/2021\/04\/1-44-of-49-2048x1366.jpg 2048w, https:\/\/obrop.uwr.edu.pl\/wp-content\/uploads\/sites\/570\/2021\/04\/1-44-of-49-1320x880.jpg 1320w, https:\/\/obrop.uwr.edu.pl\/wp-content\/uploads\/sites\/570\/2021\/04\/1-44-of-49-24x16.jpg 24w, https:\/\/obrop.uwr.edu.pl\/wp-content\/uploads\/sites\/570\/2021\/04\/1-44-of-49-36x24.jpg 36w, https:\/\/obrop.uwr.edu.pl\/wp-content\/uploads\/sites\/570\/2021\/04\/1-44-of-49-48x32.jpg 48w, https:\/\/obrop.uwr.edu.pl\/wp-content\/uploads\/sites\/570\/2021\/04\/1-44-of-49.jpg 1600w\" sizes=\"auto, (max-width: 1024px) 100vw, 1024px\" \/><\/figure><div class=\"wp-block-media-text__content\">\n<div class=\"wp-block-bonasoft-modular-breadcrumbs-block\"><div class=\"bs_add_breadcrumb_trail\"><\/div><\/div>\n\n\n\n<hr class=\"wp-block-separator has-text-color has-black-color has-css-opacity has-black-background-color has-background is-style-wide bs-border-kontakt\"\/>\n\n\n<h1 style=\"font-style:normal;font-weight:700;\" class=\"bs-naglowek-podstrony wp-block-post-title\">Projects<\/h1><\/div><\/div>\n\n\n\n<p><br>The international project LYMAS: &#8221; <a href=\"https:\/\/www.socjologia.uni.wroc.pl\/attachments\/Miedzynarodowy-projekt-LYMAS_2023-01-23_18-34-12.docx\"><strong>Life strategies of Young Labour Migrants in Ageing Societies<\/strong><\/a>&#8220;, funded by the Volkswagen Foundation within the programme \u201cChallenges and Poten-tials for Europe: The Greying Continent\u201d. The consortium leader is the Deutsches Zentrum f\u00fcr Integrations- und Migrationsforschung (DeZIM) in Berlin; partners: Universit\u00e4t Neuch\u00e2tel in Switzerland and MCI Die Unternehmerische Hochschule in Austria. Project duration 36 m (1.01.2023-31.12.2025), Project budget: \u20ac 1,198,000 (UWr budget: \u20ac 172,400). Project team at the University of Wroc\u0142aw: <strong>Prof. UWr dr hab. El\u017cbieta Opi\u0142owska <\/strong>(PI), dr Mateusz Karolak, Prof. UWr dr hab. Iwona Taranowicz, and Anna Shostak, PhD candidate.<\/p>\n\n\n\n<hr class=\"wp-block-separator has-alpha-channel-opacity\"\/>\n\n\n\n<p><br>From 1 April 2023 to 31 March 2026 the Centre for Regional- and Borderlands Studies at the Institute of Sociology, University of Wroc\u0142aw will carry out the research project <br><a href=\"https:\/\/www.socjologia.uni.wroc.pl\/attachments\/Horizon-Europe-International-Project_2023-01-23_18-32-56.docx\"><strong>B-SHAPES<\/strong><\/a> (no. 101095186) within the framework of the HORIZON-CL2-2022-HERITAGE-01 programme. Project budget \u20ac3 million (including \u20ac177 375 for UWr); funding institution: European Commission &#8211; European Research Executive Agency. Project partners: Syddanks University, S\u00f8nderborg (DK) (coordinator), Brunel University London (UK), European Academy Bozen (IT), Oulu University (FI), E\u00f6tv\u00f6s Lor\u00e1nd University Budapest (HU), Halmstad University (SE), Technical University of Liberec (CZ), and Universit\u00e9 de Strasbourg (FR). Further participants are: National Museum of History (BG), Association of European Border Regions (DE), Foundation European Network Remembrance and Solidarity (PL), Kreatus Consultancy (PL) and Lungomare Art Collective (IT). The Wroc\u0142aw team: Prof. UWr <strong>dr hab. El\u017cbieta Opi\u0142owska<\/strong> (PI),<strong>Dr \u0141ukasz Moll<\/strong> and Damian B\u0105czkiewicz, PhD <br>More: \u00a0<a href=\"https:\/\/www.sdu.dk\/en\/forskning\/forskningsenheder\/samf\/b-shapes\"><u>https:\/\/www.sdu.dk\/en\/forskning\/forskningsenheder\/samf\/b-shapes<\/u><\/a>\u00a0<\/p>\n\n\n\n<hr class=\"wp-block-separator has-alpha-channel-opacity\"\/>\n\n\n\n<p>International project\u00a0 PNFN: \u201e<a href=\"https:\/\/www.socjologia.uni.wroc.pl\/attachments\/Rezyliencja-wspolpracy-transgranicznej-w-Europie_2022-08-03_15-50-16.docx\">Resilience of cross-border cooperation in Europe &#8211; comparative analysis of the German-Polish and German-French borderland<\/a>\u201d (nr 2022-05), project leader: dr hab. El\u017cbieta Opi\u0142owska, prof. UWr. Project partner: University of the Saarland in Saarbr\u00fccken, Jun. Prof. Dr. Florian Weber. Budget: 78\u00a0600 EUR Duration: 1.07.2022-30.04.2025 Financing: German-Polish Science Foundation.<\/p>\n\n\n\n<p><\/p>\n","protected":false},"excerpt":{"rendered":"<p>The international project LYMAS: &#8221; Life strategies of Young Labour Migrants in Ageing Societies&#8220;, funded by the Volkswagen Foundation within the programme \u201cChallenges and Poten-tials for Europe: The Greying Continent\u201d. The consortium leader is the Deutsches Zentrum f\u00fcr Integrations- und Migrationsforschung (DeZIM) in Berlin; partners: Universit\u00e4t Neuch\u00e2tel in Switzerland and MCI Die Unternehmerische Hochschule in [&hellip;]<\/p>\n","protected":false},"author":2232,"featured_media":0,"parent":0,"menu_order":0,"comment_status":"closed","ping_status":"closed","template":"","meta":{"_acf_changed":false,"inline_featured_image":false,"site-sidebar-layout":"default","site-content-layout":"","ast-site-content-layout":"default","site-content-style":"default","site-sidebar-style":"default","ast-global-header-display":"","ast-banner-title-visibility":"","ast-main-header-display":"","ast-hfb-above-header-display":"","ast-hfb-below-header-display":"","ast-hfb-mobile-header-display":"","site-post-title":"","ast-breadcrumbs-content":"","ast-featured-img":"","footer-sml-layout":"","ast-disable-related-posts":"","theme-transparent-header-meta":"","adv-header-id-meta":"","stick-header-meta":"","header-above-stick-meta":"","header-main-stick-meta":"","header-below-stick-meta":"","astra-migrate-meta-layouts":"set","ast-page-background-enabled":"default","ast-page-background-meta":{"desktop":{"background-color":"","background-image":"","background-repeat":"repeat","background-position":"center center","background-size":"auto","background-attachment":"scroll","background-type":"","background-media":"","overlay-type":"","overlay-color":"","overlay-opacity":"","overlay-gradient":""},"tablet":{"background-color":"","background-image":"","background-repeat":"repeat","background-position":"center center","background-size":"auto","background-attachment":"scroll","background-type":"","background-media":"","overlay-type":"","overlay-color":"","overlay-opacity":"","overlay-gradient":""},"mobile":{"background-color":"","background-image":"","background-repeat":"repeat","background-position":"center center","background-size":"auto","background-attachment":"scroll","background-type":"","background-media":"","overlay-type":"","overlay-color":"","overlay-opacity":"","overlay-gradient":""}},"ast-content-background-meta":{"desktop":{"background-color":"var(--ast-global-color-5)","background-image":"","background-repeat":"repeat","background-position":"center center","background-size":"auto","background-attachment":"scroll","background-type":"","background-media":"","overlay-type":"","overlay-color":"","overlay-opacity":"","overlay-gradient":""},"tablet":{"background-color":"var(--ast-global-color-5)","background-image":"","background-repeat":"repeat","background-position":"center center","background-size":"auto","background-attachment":"scroll","background-type":"","background-media":"","overlay-type":"","overlay-color":"","overlay-opacity":"","overlay-gradient":""},"mobile":{"background-color":"var(--ast-global-color-5)","background-image":"","background-repeat":"repeat","background-position":"center center","background-size":"auto","background-attachment":"scroll","background-type":"","background-media":"","overlay-type":"","overlay-color":"","overlay-opacity":"","overlay-gradient":""}},"footnotes":""},"categories":[],"tags":[],"class_list":["post-24423","page","type-page","status-publish","hentry"],"featured_image_urls_v2":{"full":"","thumbnail":"","medium":"","medium_large":"","large":"","1536x1536":"","2048x2048":"","menu-24x24":"","menu-36x36":"","menu-48x48":""},"post_excerpt_stackable_v2":"<p>Projects The international project LYMAS: &#8221; Life strategies of Young Labour Migrants in Ageing Societies&#8220;, funded by the Volkswagen Foundation within the programme \u201cChallenges and Poten-tials for Europe: The Greying Continent\u201d. The consortium leader is the Deutsches Zentrum f\u00fcr Integrations- und Migrationsforschung (DeZIM) in Berlin; partners: Universit\u00e4t Neuch\u00e2tel in Switzerland and MCI Die Unternehmerische Hochschule in Austria. Project duration 36 m (1.01.2023-31.12.2025), Project budget: \u20ac 1,198,000 (UWr budget: \u20ac 172,400). Project team at the University of Wroc\u0142aw: Prof. UWr dr hab. El\u017cbieta Opi\u0142owska (PI), dr Mateusz Karolak, Prof. UWr dr hab. Iwona Taranowicz, and Anna Shostak, PhD candidate. From 1&hellip;<\/p>\n","category_list_v2":"Uncategorized","author_info_v2":{"name":"lstachowski","url":"https:\/\/obrop.uwr.edu.pl\/en\/author\/lstachowski\/"},"comments_num_v2":"0 comments","acf":[],"yoast_head":"<!-- This site is optimized with the Yoast SEO plugin v27.1.1 - https:\/\/yoast.com\/product\/yoast-seo-wordpress\/ -->\n<title>Projects - O\u015brodek Bada\u0144 Regionalnych i Obszar\u00f3w Pogranicza<\/title>\n<meta name=\"robots\" content=\"index, follow, max-snippet:-1, max-image-preview:large, max-video-preview:-1\" \/>\n<link rel=\"canonical\" href=\"https:\/\/obrop.uwr.edu.pl\/en\/projekt-pnfn\/\" \/>\n<meta property=\"og:locale\" content=\"en_US\" \/>\n<meta property=\"og:type\" content=\"article\" \/>\n<meta property=\"og:title\" content=\"Projects - O\u015brodek Bada\u0144 Regionalnych i Obszar\u00f3w Pogranicza\" \/>\n<meta property=\"og:description\" content=\"The international project LYMAS: &#8221; Life strategies of Young Labour Migrants in Ageing Societies&#8220;, funded by the Volkswagen Foundation within the programme \u201cChallenges and Poten-tials for Europe: The Greying Continent\u201d. The consortium leader is the Deutsches Zentrum f\u00fcr Integrations- und Migrationsforschung (DeZIM) in Berlin; partners: Universit\u00e4t Neuch\u00e2tel in Switzerland and MCI Die Unternehmerische Hochschule in [&hellip;]\" \/>\n<meta property=\"og:url\" content=\"https:\/\/obrop.uwr.edu.pl\/en\/projekt-pnfn\/\" \/>\n<meta property=\"og:site_name\" content=\"O\u015brodek Bada\u0144 Regionalnych i Obszar\u00f3w Pogranicza\" \/>\n<meta property=\"article:modified_time\" content=\"2025-01-13T12:59:21+00:00\" \/>\n<meta property=\"og:image\" content=\"https:\/\/obrop.uwr.edu.pl\/wp-content\/uploads\/sites\/570\/2021\/04\/1-44-of-49.jpg\" \/>\n\t<meta property=\"og:image:width\" content=\"1600\" \/>\n\t<meta property=\"og:image:height\" content=\"1067\" \/>\n\t<meta property=\"og:image:type\" content=\"image\/jpeg\" \/>\n<meta name=\"twitter:card\" content=\"summary_large_image\" \/>\n<meta name=\"twitter:label1\" content=\"Est. reading time\" \/>\n\t<meta name=\"twitter:data1\" content=\"2 minutes\" \/>\n<script type=\"application\/ld+json\" class=\"yoast-schema-graph\">{\"@context\":\"https:\/\/schema.org\",\"@graph\":[{\"@type\":\"WebPage\",\"@id\":\"https:\/\/obrop.uwr.edu.pl\/en\/projekt-pnfn\/\",\"url\":\"https:\/\/obrop.uwr.edu.pl\/en\/projekt-pnfn\/\",\"name\":\"Projects - O\u015brodek Bada\u0144 Regionalnych i Obszar\u00f3w Pogranicza\",\"isPartOf\":{\"@id\":\"https:\/\/obrop.uwr.edu.pl\/#website\"},\"primaryImageOfPage\":{\"@id\":\"https:\/\/obrop.uwr.edu.pl\/en\/projekt-pnfn\/#primaryimage\"},\"image\":{\"@id\":\"https:\/\/obrop.uwr.edu.pl\/en\/projekt-pnfn\/#primaryimage\"},\"thumbnailUrl\":\"https:\/\/obrop.uwr.edu.pl\/wp-content\/uploads\/sites\/570\/2021\/04\/1-44-of-49-1024x683.jpg\",\"datePublished\":\"2024-12-11T11:03:08+00:00\",\"dateModified\":\"2025-01-13T12:59:21+00:00\",\"breadcrumb\":{\"@id\":\"https:\/\/obrop.uwr.edu.pl\/en\/projekt-pnfn\/#breadcrumb\"},\"inLanguage\":\"en-US\",\"potentialAction\":[{\"@type\":\"ReadAction\",\"target\":[\"https:\/\/obrop.uwr.edu.pl\/en\/projekt-pnfn\/\"]}]},{\"@type\":\"ImageObject\",\"inLanguage\":\"en-US\",\"@id\":\"https:\/\/obrop.uwr.edu.pl\/en\/projekt-pnfn\/#primaryimage\",\"url\":\"https:\/\/obrop.uwr.edu.pl\/wp-content\/uploads\/sites\/570\/2021\/04\/1-44-of-49-1024x683.jpg\",\"contentUrl\":\"https:\/\/obrop.uwr.edu.pl\/wp-content\/uploads\/sites\/570\/2021\/04\/1-44-of-49-1024x683.jpg\"},{\"@type\":\"BreadcrumbList\",\"@id\":\"https:\/\/obrop.uwr.edu.pl\/en\/projekt-pnfn\/#breadcrumb\",\"itemListElement\":[{\"@type\":\"ListItem\",\"position\":1,\"name\":\"Strona g\u0142\u00f3wna\",\"item\":\"https:\/\/obrop.uwr.edu.pl\/en\/\"},{\"@type\":\"ListItem\",\"position\":2,\"name\":\"Projects\"}]},{\"@type\":\"WebSite\",\"@id\":\"https:\/\/obrop.uwr.edu.pl\/#website\",\"url\":\"https:\/\/obrop.uwr.edu.pl\/\",\"name\":\"O\u015brodek Bada\u0144 Regionalnych i Obszar\u00f3w Pogranicza\",\"description\":\"Kolejna witryna sieci \u201eUWR Witryny\u201d\",\"publisher\":{\"@id\":\"https:\/\/obrop.uwr.edu.pl\/#organization\"},\"potentialAction\":[{\"@type\":\"SearchAction\",\"target\":{\"@type\":\"EntryPoint\",\"urlTemplate\":\"https:\/\/obrop.uwr.edu.pl\/?s={search_term_string}\"},\"query-input\":{\"@type\":\"PropertyValueSpecification\",\"valueRequired\":true,\"valueName\":\"search_term_string\"}}],\"inLanguage\":\"en-US\"},{\"@type\":\"Organization\",\"@id\":\"https:\/\/obrop.uwr.edu.pl\/#organization\",\"name\":\"O\u015brodek Bada\u0144 Regionalnych i Obszar\u00f3w Pogranicza\",\"url\":\"https:\/\/obrop.uwr.edu.pl\/\",\"logo\":{\"@type\":\"ImageObject\",\"inLanguage\":\"en-US\",\"@id\":\"https:\/\/obrop.uwr.edu.pl\/#\/schema\/logo\/image\/\",\"url\":\"https:\/\/obrop.uwr.edu.pl\/wp-content\/uploads\/sites\/570\/2025\/10\/UWr-logotyp-2025.png\",\"contentUrl\":\"https:\/\/obrop.uwr.edu.pl\/wp-content\/uploads\/sites\/570\/2025\/10\/UWr-logotyp-2025.png\",\"width\":764,\"height\":269,\"caption\":\"O\u015brodek Bada\u0144 Regionalnych i Obszar\u00f3w Pogranicza\"},\"image\":{\"@id\":\"https:\/\/obrop.uwr.edu.pl\/#\/schema\/logo\/image\/\"}}]}<\/script>\n<!-- \/ Yoast SEO plugin. -->","yoast_head_json":{"title":"Projects - O\u015brodek Bada\u0144 Regionalnych i Obszar\u00f3w Pogranicza","robots":{"index":"index","follow":"follow","max-snippet":"max-snippet:-1","max-image-preview":"max-image-preview:large","max-video-preview":"max-video-preview:-1"},"canonical":"https:\/\/obrop.uwr.edu.pl\/en\/projekt-pnfn\/","og_locale":"en_US","og_type":"article","og_title":"Projects - O\u015brodek Bada\u0144 Regionalnych i Obszar\u00f3w Pogranicza","og_description":"The international project LYMAS: &#8221; Life strategies of Young Labour Migrants in Ageing Societies&#8220;, funded by the Volkswagen Foundation within the programme \u201cChallenges and Poten-tials for Europe: The Greying Continent\u201d. The consortium leader is the Deutsches Zentrum f\u00fcr Integrations- und Migrationsforschung (DeZIM) in Berlin; partners: Universit\u00e4t Neuch\u00e2tel in Switzerland and MCI Die Unternehmerische Hochschule in [&hellip;]","og_url":"https:\/\/obrop.uwr.edu.pl\/en\/projekt-pnfn\/","og_site_name":"O\u015brodek Bada\u0144 Regionalnych i Obszar\u00f3w Pogranicza","article_modified_time":"2025-01-13T12:59:21+00:00","og_image":[{"width":1600,"height":1067,"url":"https:\/\/obrop.uwr.edu.pl\/wp-content\/uploads\/sites\/570\/2021\/04\/1-44-of-49.jpg","type":"image\/jpeg"}],"twitter_card":"summary_large_image","twitter_misc":{"Est. reading time":"2 minutes"},"schema":{"@context":"https:\/\/schema.org","@graph":[{"@type":"WebPage","@id":"https:\/\/obrop.uwr.edu.pl\/en\/projekt-pnfn\/","url":"https:\/\/obrop.uwr.edu.pl\/en\/projekt-pnfn\/","name":"Projects - O\u015brodek Bada\u0144 Regionalnych i Obszar\u00f3w Pogranicza","isPartOf":{"@id":"https:\/\/obrop.uwr.edu.pl\/#website"},"primaryImageOfPage":{"@id":"https:\/\/obrop.uwr.edu.pl\/en\/projekt-pnfn\/#primaryimage"},"image":{"@id":"https:\/\/obrop.uwr.edu.pl\/en\/projekt-pnfn\/#primaryimage"},"thumbnailUrl":"https:\/\/obrop.uwr.edu.pl\/wp-content\/uploads\/sites\/570\/2021\/04\/1-44-of-49-1024x683.jpg","datePublished":"2024-12-11T11:03:08+00:00","dateModified":"2025-01-13T12:59:21+00:00","breadcrumb":{"@id":"https:\/\/obrop.uwr.edu.pl\/en\/projekt-pnfn\/#breadcrumb"},"inLanguage":"en-US","potentialAction":[{"@type":"ReadAction","target":["https:\/\/obrop.uwr.edu.pl\/en\/projekt-pnfn\/"]}]},{"@type":"ImageObject","inLanguage":"en-US","@id":"https:\/\/obrop.uwr.edu.pl\/en\/projekt-pnfn\/#primaryimage","url":"https:\/\/obrop.uwr.edu.pl\/wp-content\/uploads\/sites\/570\/2021\/04\/1-44-of-49-1024x683.jpg","contentUrl":"https:\/\/obrop.uwr.edu.pl\/wp-content\/uploads\/sites\/570\/2021\/04\/1-44-of-49-1024x683.jpg"},{"@type":"BreadcrumbList","@id":"https:\/\/obrop.uwr.edu.pl\/en\/projekt-pnfn\/#breadcrumb","itemListElement":[{"@type":"ListItem","position":1,"name":"Strona g\u0142\u00f3wna","item":"https:\/\/obrop.uwr.edu.pl\/en\/"},{"@type":"ListItem","position":2,"name":"Projects"}]},{"@type":"WebSite","@id":"https:\/\/obrop.uwr.edu.pl\/#website","url":"https:\/\/obrop.uwr.edu.pl\/","name":"O\u015brodek Bada\u0144 Regionalnych i Obszar\u00f3w Pogranicza","description":"Kolejna witryna sieci \u201eUWR Witryny\u201d","publisher":{"@id":"https:\/\/obrop.uwr.edu.pl\/#organization"},"potentialAction":[{"@type":"SearchAction","target":{"@type":"EntryPoint","urlTemplate":"https:\/\/obrop.uwr.edu.pl\/?s={search_term_string}"},"query-input":{"@type":"PropertyValueSpecification","valueRequired":true,"valueName":"search_term_string"}}],"inLanguage":"en-US"},{"@type":"Organization","@id":"https:\/\/obrop.uwr.edu.pl\/#organization","name":"O\u015brodek Bada\u0144 Regionalnych i Obszar\u00f3w Pogranicza","url":"https:\/\/obrop.uwr.edu.pl\/","logo":{"@type":"ImageObject","inLanguage":"en-US","@id":"https:\/\/obrop.uwr.edu.pl\/#\/schema\/logo\/image\/","url":"https:\/\/obrop.uwr.edu.pl\/wp-content\/uploads\/sites\/570\/2025\/10\/UWr-logotyp-2025.png","contentUrl":"https:\/\/obrop.uwr.edu.pl\/wp-content\/uploads\/sites\/570\/2025\/10\/UWr-logotyp-2025.png","width":764,"height":269,"caption":"O\u015brodek Bada\u0144 Regionalnych i Obszar\u00f3w Pogranicza"},"image":{"@id":"https:\/\/obrop.uwr.edu.pl\/#\/schema\/logo\/image\/"}}]}},"publishpress_future_action":{"enabled":false,"date":"2026-05-04 00:28:15","action":"change-status","newStatus":"draft","terms":[],"taxonomy":"category","extraData":[]},"publishpress_future_workflow_manual_trigger":{"enabledWorkflows":[]},"_links":{"self":[{"href":"https:\/\/obrop.uwr.edu.pl\/en\/wp-json\/wp\/v2\/pages\/24423\/"}],"collection":[{"href":"https:\/\/obrop.uwr.edu.pl\/en\/wp-json\/wp\/v2\/pages\/"}],"about":[{"href":"https:\/\/obrop.uwr.edu.pl\/en\/wp-json\/wp\/v2\/types\/page\/"}],"author":[{"embeddable":true,"href":"https:\/\/obrop.uwr.edu.pl\/en\/wp-json\/wp\/v2\/users\/2232\/"}],"replies":[{"embeddable":true,"href":"https:\/\/obrop.uwr.edu.pl\/en\/wp-json\/wp\/v2\/comments\/?post=24423"}],"version-history":[{"count":1,"href":"https:\/\/obrop.uwr.edu.pl\/en\/wp-json\/wp\/v2\/pages\/24423\/revisions\/"}],"predecessor-version":[{"id":24429,"href":"https:\/\/obrop.uwr.edu.pl\/en\/wp-json\/wp\/v2\/pages\/24423\/revisions\/24429\/"}],"wp:attachment":[{"href":"https:\/\/obrop.uwr.edu.pl\/en\/wp-json\/wp\/v2\/media\/?parent=24423"}],"wp:term":[{"taxonomy":"category","embeddable":true,"href":"https:\/\/obrop.uwr.edu.pl\/en\/wp-json\/wp\/v2\/categories\/?post=24423"},{"taxonomy":"post_tag","embeddable":true,"href":"https:\/\/obrop.uwr.edu.pl\/en\/wp-json\/wp\/v2\/tags\/?post=24423"}],"curies":[{"name":"wp","href":"https:\/\/api.w.org\/{rel}","templated":true}]}}