{"id":24402,"date":"2024-12-11T11:33:19","date_gmt":"2024-12-11T10:33:19","guid":{"rendered":"https:\/\/obrop.uwr.edu.pl\/zespol\/"},"modified":"2025-01-13T13:48:38","modified_gmt":"2025-01-13T12:48:38","slug":"zespol","status":"publish","type":"page","link":"https:\/\/obrop.uwr.edu.pl\/en\/zespol\/","title":{"rendered":"Team"},"content":{"rendered":"\n<div class=\"wp-block-media-text alignwide is-stacked-on-mobile is-image-fill bs-news-page bs-page-links\"><figure class=\"wp-block-media-text__media\" style=\"background-image:url(https:\/\/obrop.uwr.edu.pl\/wp-content\/uploads\/sites\/570\/2025\/01\/pogranicze3_2017-03-08_23-23-07.jpg);background-position:55% 16%\"><img loading=\"lazy\" decoding=\"async\" width=\"400\" height=\"300\" src=\"https:\/\/obrop.uwr.edu.pl\/wp-content\/uploads\/sites\/570\/2025\/01\/pogranicze3_2017-03-08_23-23-07.jpg\" alt=\"okulary na otwartej ksi\u0105\u017cce\" class=\"wp-image-24306 size-full\" srcset=\"https:\/\/obrop.uwr.edu.pl\/wp-content\/uploads\/sites\/570\/2025\/01\/pogranicze3_2017-03-08_23-23-07.jpg 400w, https:\/\/obrop.uwr.edu.pl\/wp-content\/uploads\/sites\/570\/2025\/01\/pogranicze3_2017-03-08_23-23-07-300x225.jpg 300w, https:\/\/obrop.uwr.edu.pl\/wp-content\/uploads\/sites\/570\/2025\/01\/pogranicze3_2017-03-08_23-23-07-24x18.jpg 24w, https:\/\/obrop.uwr.edu.pl\/wp-content\/uploads\/sites\/570\/2025\/01\/pogranicze3_2017-03-08_23-23-07-36x27.jpg 36w, https:\/\/obrop.uwr.edu.pl\/wp-content\/uploads\/sites\/570\/2025\/01\/pogranicze3_2017-03-08_23-23-07-48x36.jpg 48w\" sizes=\"auto, (max-width: 400px) 100vw, 400px\" \/><\/figure><div class=\"wp-block-media-text__content\">\n<div class=\"wp-block-bonasoft-modular-breadcrumbs-block\"><div class=\"bs_add_breadcrumb_trail\"><\/div><\/div>\n\n\n\n<hr class=\"wp-block-separator has-text-color has-black-color has-css-opacity has-black-background-color has-background is-style-wide bs-border-kontakt\"\/>\n\n\n<h1 style=\"font-style:normal;font-weight:700;\" class=\"bs-naglowek-podstrony wp-block-post-title\">Team<\/h1><\/div><\/div>\n\n\n\n<h2 class=\"wp-block-heading\">Head of the CRBS<\/h2>\n\n\n\n<ul class=\"wp-block-list\">\n<li><a href=\"https:\/\/socjologia.uwr.edu.pl\/en\/institute\/academic-staff\/institute-staff\/elzbieta-opilowska\/\">dr hab. El\u017cbieta Opi\u0142owska, prof. UWr<\/a><\/li>\n<\/ul>\n\n\n\n<h2 class=\"wp-block-heading\">Team<\/h2>\n\n\n\n<ul class=\"wp-block-list\">\n<li><a href=\"https:\/\/socjologia.uwr.edu.pl\/en\/institute\/academic-staff\/institute-staff\/marcin-debicki\/\">dr hab. Marcin D\u0119bicki, prof. UWr<\/a><\/li>\n\n\n\n<li><a href=\"https:\/\/socjologia.uwr.edu.pl\/en\/institute\/academic-staff\/institute-staff\/kamilla-dolinska\/\">dr hab. Kamilla Doli\u0144ska, prof. UWr<\/a><\/li>\n\n\n\n<li><a href=\"https:\/\/socjologia.uwr.edu.pl\/en\/institute\/academic-staff\/institute-staff\/julita-makaro\/\">dr hab. Julita Makaro, prof. UWr<\/a><\/li>\n\n\n\n<li><a href=\"https:\/\/socjologia.uwr.edu.pl\/en\/institute\/academic-staff\/institute-staff\/lukasz-moll\/\">dr \u0141ukasz Moll<\/a><\/li>\n\n\n\n<li><a href=\"https:\/\/socjologia.uwr.edu.pl\/en\/institute\/academic-staff\/institute-staff\/natalia-niedzwiecka-iwanczak\/\">dr hab. Natalia Nied\u017awiecka-Iwa\u0144czak, prof. UWr<\/a><\/li>\n<\/ul>\n\n\n\n<h2 class=\"wp-block-heading\">Scientific Board<\/h2>\n\n\n\n<ul class=\"wp-block-list\">\n<li><strong>Prof. Dr. habil. Zbigniew Kurcz,<\/strong>\u00a0University of Wroc\u0142aw<\/li>\n\n\n\n<li><strong>Prof. Dr. habil. Leszek Go\u0142dyka,<\/strong>University of Zielona G\u00f3ra<\/li>\n\n\n\n<li><strong>Prof. Dr. habil. Beata Halicka,<\/strong>Adam Mickiewicz University in Pozna\u0144<\/li>\n\n\n\n<li><strong>Prof. Dr. habil. Joanna Kurczewska,<\/strong>Institute of Philosophy and Sociology<strong>,<\/strong>Polish Academy of Sciences<\/li>\n\n\n\n<li><strong>Prof. Dr. habil. Irena Machaj<\/strong>, University of Szczecin<\/li>\n\n\n\n<li><strong>Dr. habil. Wies\u0142aw Tadeusz Pop\u0142awski,<\/strong> Prof. ucz., Bialystok University of Technology<\/li>\n\n\n\n<li><strong>Prof. Dr. habil. Andrzej Sakson, <\/strong>Western Institute in Pozna\u0144<\/li>\n\n\n\n<li><strong>Prof. Dr. habil. Katarzyna Stok\u0142osa,<\/strong>University of Southern Denmark<\/li>\n\n\n\n<li><strong>Dr. Katarzyna Sztop-Rutkowsk<\/strong>a, University of Bia\u0142ystok<\/li>\n\n\n\n<li><strong>Dr. habil. Dariusz Wojakowski,<\/strong>\u00a0Prof. AGH, AGH University of Science and Technology in Krak\u00f3w<\/li>\n<\/ul>\n\n\n\n<h2 class=\"wp-block-heading\">Associated Researchers<\/h2>\n\n\n\n<ul class=\"wp-block-list\">\n<li><a href=\"https:\/\/scholar.google.pl\/citations?user=ErQGsBoAAAAJ&amp;hl=pl\">dr hab. Hynek B\u00f6hm, prof. UO<\/a><\/li>\n\n\n\n<li><a href=\"https:\/\/english.swps.pl\/justyna-kajta\">dr Justyna Kajta<\/a><\/li>\n\n\n\n<li><a href=\"https:\/\/wnpid.amu.edu.pl\/en\/research\/departments\/department-of-international-relations\/jaroslaw-janczak\">dr hab. Jaros\u0142aw Ja\u0144czak, prof. UAM<\/a><\/li>\n\n\n\n<li><a href=\"https:\/\/scholar.google.pl\/citations?user=TYgccv0AAAAJ&amp;hl=pl\">dr Wojciech Opio\u0142a<\/a><\/li>\n<\/ul>\n\n\n\n<p><\/p>\n\n\n\n<p><\/p>\n","protected":false},"excerpt":{"rendered":"<p>Head of the CRBS Team Scientific Board Associated Researchers<\/p>\n","protected":false},"author":2232,"featured_media":0,"parent":0,"menu_order":0,"comment_status":"closed","ping_status":"closed","template":"","meta":{"_acf_changed":false,"inline_featured_image":false,"site-sidebar-layout":"default","site-content-layout":"","ast-site-content-layout":"default","site-content-style":"default","site-sidebar-style":"default","ast-global-header-display":"","ast-banner-title-visibility":"","ast-main-header-display":"","ast-hfb-above-header-display":"","ast-hfb-below-header-display":"","ast-hfb-mobile-header-display":"","site-post-title":"","ast-breadcrumbs-content":"","ast-featured-img":"","footer-sml-layout":"","ast-disable-related-posts":"","theme-transparent-header-meta":"","adv-header-id-meta":"","stick-header-meta":"","header-above-stick-meta":"","header-main-stick-meta":"","header-below-stick-meta":"","astra-migrate-meta-layouts":"set","ast-page-background-enabled":"default","ast-page-background-meta":{"desktop":{"background-color":"","background-image":"","background-repeat":"repeat","background-position":"center center","background-size":"auto","background-attachment":"scroll","background-type":"","background-media":"","overlay-type":"","overlay-color":"","overlay-opacity":"","overlay-gradient":""},"tablet":{"background-color":"","background-image":"","background-repeat":"repeat","background-position":"center center","background-size":"auto","background-attachment":"scroll","background-type":"","background-media":"","overlay-type":"","overlay-color":"","overlay-opacity":"","overlay-gradient":""},"mobile":{"background-color":"","background-image":"","background-repeat":"repeat","background-position":"center center","background-size":"auto","background-attachment":"scroll","background-type":"","background-media":"","overlay-type":"","overlay-color":"","overlay-opacity":"","overlay-gradient":""}},"ast-content-background-meta":{"desktop":{"background-color":"var(--ast-global-color-5)","background-image":"","background-repeat":"repeat","background-position":"center center","background-size":"auto","background-attachment":"scroll","background-type":"","background-media":"","overlay-type":"","overlay-color":"","overlay-opacity":"","overlay-gradient":""},"tablet":{"background-color":"var(--ast-global-color-5)","background-image":"","background-repeat":"repeat","background-position":"center center","background-size":"auto","background-attachment":"scroll","background-type":"","background-media":"","overlay-type":"","overlay-color":"","overlay-opacity":"","overlay-gradient":""},"mobile":{"background-color":"var(--ast-global-color-5)","background-image":"","background-repeat":"repeat","background-position":"center center","background-size":"auto","background-attachment":"scroll","background-type":"","background-media":"","overlay-type":"","overlay-color":"","overlay-opacity":"","overlay-gradient":""}},"footnotes":""},"categories":[],"tags":[],"class_list":["post-24402","page","type-page","status-publish","hentry"],"featured_image_urls_v2":{"full":"","thumbnail":"","medium":"","medium_large":"","large":"","1536x1536":"","2048x2048":"","menu-24x24":"","menu-36x36":"","menu-48x48":""},"post_excerpt_stackable_v2":"<p>Team Head of the CRBS dr hab. El\u017cbieta Opi\u0142owska, prof. UWr Team dr hab. Marcin D\u0119bicki, prof. UWr dr hab. Kamilla Doli\u0144ska, prof. UWr dr hab. Julita Makaro, prof. UWr dr \u0141ukasz Moll dr hab. Natalia Nied\u017awiecka-Iwa\u0144czak, prof. UWr Scientific Board Prof. Dr. habil. Zbigniew Kurcz,\u00a0University of Wroc\u0142aw Prof. Dr. habil. Leszek Go\u0142dyka,University of Zielona G\u00f3ra Prof. Dr. habil. Beata Halicka,Adam Mickiewicz University in Pozna\u0144 Prof. Dr. habil. Joanna Kurczewska,Institute of Philosophy and Sociology,Polish Academy of Sciences Prof. Dr. habil. Irena Machaj, University of Szczecin Dr. habil. Wies\u0142aw Tadeusz Pop\u0142awski, Prof. ucz., Bialystok University of Technology Prof. Dr. habil. Andrzej&hellip;<\/p>\n","category_list_v2":"Uncategorized","author_info_v2":{"name":"lstachowski","url":"https:\/\/obrop.uwr.edu.pl\/en\/author\/lstachowski\/"},"comments_num_v2":"0 comments","acf":[],"yoast_head":"<!-- This site is optimized with the Yoast SEO plugin v27.1.1 - https:\/\/yoast.com\/product\/yoast-seo-wordpress\/ -->\n<title>Team - O\u015brodek Bada\u0144 Regionalnych i Obszar\u00f3w Pogranicza<\/title>\n<meta name=\"robots\" content=\"index, follow, max-snippet:-1, max-image-preview:large, max-video-preview:-1\" \/>\n<link rel=\"canonical\" href=\"https:\/\/obrop.uwr.edu.pl\/en\/zespol\/\" \/>\n<meta property=\"og:locale\" content=\"en_US\" \/>\n<meta property=\"og:type\" content=\"article\" \/>\n<meta property=\"og:title\" content=\"Team - O\u015brodek Bada\u0144 Regionalnych i Obszar\u00f3w Pogranicza\" \/>\n<meta property=\"og:description\" content=\"Head of the CRBS Team Scientific Board Associated Researchers\" \/>\n<meta property=\"og:url\" content=\"https:\/\/obrop.uwr.edu.pl\/en\/zespol\/\" \/>\n<meta property=\"og:site_name\" content=\"O\u015brodek Bada\u0144 Regionalnych i Obszar\u00f3w Pogranicza\" \/>\n<meta property=\"article:modified_time\" content=\"2025-01-13T12:48:38+00:00\" \/>\n<meta property=\"og:image\" content=\"https:\/\/obrop.uwr.edu.pl\/wp-content\/uploads\/sites\/570\/2025\/01\/pogranicze3_2017-03-08_23-23-07.jpg\" \/>\n\t<meta property=\"og:image:width\" content=\"400\" \/>\n\t<meta property=\"og:image:height\" content=\"300\" \/>\n\t<meta property=\"og:image:type\" content=\"image\/jpeg\" \/>\n<meta name=\"twitter:card\" content=\"summary_large_image\" \/>\n<meta name=\"twitter:label1\" content=\"Est. reading time\" \/>\n\t<meta name=\"twitter:data1\" content=\"1 minute\" \/>\n<script type=\"application\/ld+json\" class=\"yoast-schema-graph\">{\"@context\":\"https:\/\/schema.org\",\"@graph\":[{\"@type\":\"WebPage\",\"@id\":\"https:\/\/obrop.uwr.edu.pl\/en\/zespol\/\",\"url\":\"https:\/\/obrop.uwr.edu.pl\/en\/zespol\/\",\"name\":\"Team - O\u015brodek Bada\u0144 Regionalnych i Obszar\u00f3w Pogranicza\",\"isPartOf\":{\"@id\":\"https:\/\/obrop.uwr.edu.pl\/#website\"},\"primaryImageOfPage\":{\"@id\":\"https:\/\/obrop.uwr.edu.pl\/en\/zespol\/#primaryimage\"},\"image\":{\"@id\":\"https:\/\/obrop.uwr.edu.pl\/en\/zespol\/#primaryimage\"},\"thumbnailUrl\":\"https:\/\/obrop.uwr.edu.pl\/wp-content\/uploads\/sites\/570\/2025\/01\/pogranicze3_2017-03-08_23-23-07.jpg\",\"datePublished\":\"2024-12-11T10:33:19+00:00\",\"dateModified\":\"2025-01-13T12:48:38+00:00\",\"breadcrumb\":{\"@id\":\"https:\/\/obrop.uwr.edu.pl\/en\/zespol\/#breadcrumb\"},\"inLanguage\":\"en-US\",\"potentialAction\":[{\"@type\":\"ReadAction\",\"target\":[\"https:\/\/obrop.uwr.edu.pl\/en\/zespol\/\"]}]},{\"@type\":\"ImageObject\",\"inLanguage\":\"en-US\",\"@id\":\"https:\/\/obrop.uwr.edu.pl\/en\/zespol\/#primaryimage\",\"url\":\"https:\/\/obrop.uwr.edu.pl\/wp-content\/uploads\/sites\/570\/2025\/01\/pogranicze3_2017-03-08_23-23-07.jpg\",\"contentUrl\":\"https:\/\/obrop.uwr.edu.pl\/wp-content\/uploads\/sites\/570\/2025\/01\/pogranicze3_2017-03-08_23-23-07.jpg\"},{\"@type\":\"BreadcrumbList\",\"@id\":\"https:\/\/obrop.uwr.edu.pl\/en\/zespol\/#breadcrumb\",\"itemListElement\":[{\"@type\":\"ListItem\",\"position\":1,\"name\":\"Strona g\u0142\u00f3wna\",\"item\":\"https:\/\/obrop.uwr.edu.pl\/en\/\"},{\"@type\":\"ListItem\",\"position\":2,\"name\":\"Team\"}]},{\"@type\":\"WebSite\",\"@id\":\"https:\/\/obrop.uwr.edu.pl\/#website\",\"url\":\"https:\/\/obrop.uwr.edu.pl\/\",\"name\":\"O\u015brodek Bada\u0144 Regionalnych i Obszar\u00f3w Pogranicza\",\"description\":\"Kolejna witryna sieci \u201eUWR Witryny\u201d\",\"publisher\":{\"@id\":\"https:\/\/obrop.uwr.edu.pl\/#organization\"},\"potentialAction\":[{\"@type\":\"SearchAction\",\"target\":{\"@type\":\"EntryPoint\",\"urlTemplate\":\"https:\/\/obrop.uwr.edu.pl\/?s={search_term_string}\"},\"query-input\":{\"@type\":\"PropertyValueSpecification\",\"valueRequired\":true,\"valueName\":\"search_term_string\"}}],\"inLanguage\":\"en-US\"},{\"@type\":\"Organization\",\"@id\":\"https:\/\/obrop.uwr.edu.pl\/#organization\",\"name\":\"O\u015brodek Bada\u0144 Regionalnych i Obszar\u00f3w Pogranicza\",\"url\":\"https:\/\/obrop.uwr.edu.pl\/\",\"logo\":{\"@type\":\"ImageObject\",\"inLanguage\":\"en-US\",\"@id\":\"https:\/\/obrop.uwr.edu.pl\/#\/schema\/logo\/image\/\",\"url\":\"https:\/\/obrop.uwr.edu.pl\/wp-content\/uploads\/sites\/570\/2025\/10\/UWr-logotyp-2025.png\",\"contentUrl\":\"https:\/\/obrop.uwr.edu.pl\/wp-content\/uploads\/sites\/570\/2025\/10\/UWr-logotyp-2025.png\",\"width\":764,\"height\":269,\"caption\":\"O\u015brodek Bada\u0144 Regionalnych i Obszar\u00f3w Pogranicza\"},\"image\":{\"@id\":\"https:\/\/obrop.uwr.edu.pl\/#\/schema\/logo\/image\/\"}}]}<\/script>\n<!-- \/ Yoast SEO plugin. -->","yoast_head_json":{"title":"Team - O\u015brodek Bada\u0144 Regionalnych i Obszar\u00f3w Pogranicza","robots":{"index":"index","follow":"follow","max-snippet":"max-snippet:-1","max-image-preview":"max-image-preview:large","max-video-preview":"max-video-preview:-1"},"canonical":"https:\/\/obrop.uwr.edu.pl\/en\/zespol\/","og_locale":"en_US","og_type":"article","og_title":"Team - O\u015brodek Bada\u0144 Regionalnych i Obszar\u00f3w Pogranicza","og_description":"Head of the CRBS Team Scientific Board Associated Researchers","og_url":"https:\/\/obrop.uwr.edu.pl\/en\/zespol\/","og_site_name":"O\u015brodek Bada\u0144 Regionalnych i Obszar\u00f3w Pogranicza","article_modified_time":"2025-01-13T12:48:38+00:00","og_image":[{"width":400,"height":300,"url":"https:\/\/obrop.uwr.edu.pl\/wp-content\/uploads\/sites\/570\/2025\/01\/pogranicze3_2017-03-08_23-23-07.jpg","type":"image\/jpeg"}],"twitter_card":"summary_large_image","twitter_misc":{"Est. reading time":"1 minute"},"schema":{"@context":"https:\/\/schema.org","@graph":[{"@type":"WebPage","@id":"https:\/\/obrop.uwr.edu.pl\/en\/zespol\/","url":"https:\/\/obrop.uwr.edu.pl\/en\/zespol\/","name":"Team - O\u015brodek Bada\u0144 Regionalnych i Obszar\u00f3w Pogranicza","isPartOf":{"@id":"https:\/\/obrop.uwr.edu.pl\/#website"},"primaryImageOfPage":{"@id":"https:\/\/obrop.uwr.edu.pl\/en\/zespol\/#primaryimage"},"image":{"@id":"https:\/\/obrop.uwr.edu.pl\/en\/zespol\/#primaryimage"},"thumbnailUrl":"https:\/\/obrop.uwr.edu.pl\/wp-content\/uploads\/sites\/570\/2025\/01\/pogranicze3_2017-03-08_23-23-07.jpg","datePublished":"2024-12-11T10:33:19+00:00","dateModified":"2025-01-13T12:48:38+00:00","breadcrumb":{"@id":"https:\/\/obrop.uwr.edu.pl\/en\/zespol\/#breadcrumb"},"inLanguage":"en-US","potentialAction":[{"@type":"ReadAction","target":["https:\/\/obrop.uwr.edu.pl\/en\/zespol\/"]}]},{"@type":"ImageObject","inLanguage":"en-US","@id":"https:\/\/obrop.uwr.edu.pl\/en\/zespol\/#primaryimage","url":"https:\/\/obrop.uwr.edu.pl\/wp-content\/uploads\/sites\/570\/2025\/01\/pogranicze3_2017-03-08_23-23-07.jpg","contentUrl":"https:\/\/obrop.uwr.edu.pl\/wp-content\/uploads\/sites\/570\/2025\/01\/pogranicze3_2017-03-08_23-23-07.jpg"},{"@type":"BreadcrumbList","@id":"https:\/\/obrop.uwr.edu.pl\/en\/zespol\/#breadcrumb","itemListElement":[{"@type":"ListItem","position":1,"name":"Strona g\u0142\u00f3wna","item":"https:\/\/obrop.uwr.edu.pl\/en\/"},{"@type":"ListItem","position":2,"name":"Team"}]},{"@type":"WebSite","@id":"https:\/\/obrop.uwr.edu.pl\/#website","url":"https:\/\/obrop.uwr.edu.pl\/","name":"O\u015brodek Bada\u0144 Regionalnych i Obszar\u00f3w Pogranicza","description":"Kolejna witryna sieci \u201eUWR Witryny\u201d","publisher":{"@id":"https:\/\/obrop.uwr.edu.pl\/#organization"},"potentialAction":[{"@type":"SearchAction","target":{"@type":"EntryPoint","urlTemplate":"https:\/\/obrop.uwr.edu.pl\/?s={search_term_string}"},"query-input":{"@type":"PropertyValueSpecification","valueRequired":true,"valueName":"search_term_string"}}],"inLanguage":"en-US"},{"@type":"Organization","@id":"https:\/\/obrop.uwr.edu.pl\/#organization","name":"O\u015brodek Bada\u0144 Regionalnych i Obszar\u00f3w Pogranicza","url":"https:\/\/obrop.uwr.edu.pl\/","logo":{"@type":"ImageObject","inLanguage":"en-US","@id":"https:\/\/obrop.uwr.edu.pl\/#\/schema\/logo\/image\/","url":"https:\/\/obrop.uwr.edu.pl\/wp-content\/uploads\/sites\/570\/2025\/10\/UWr-logotyp-2025.png","contentUrl":"https:\/\/obrop.uwr.edu.pl\/wp-content\/uploads\/sites\/570\/2025\/10\/UWr-logotyp-2025.png","width":764,"height":269,"caption":"O\u015brodek Bada\u0144 Regionalnych i Obszar\u00f3w Pogranicza"},"image":{"@id":"https:\/\/obrop.uwr.edu.pl\/#\/schema\/logo\/image\/"}}]}},"publishpress_future_action":{"enabled":false,"date":"2026-05-04 02:01:37","action":"change-status","newStatus":"draft","terms":[],"taxonomy":"category","extraData":[]},"publishpress_future_workflow_manual_trigger":{"enabledWorkflows":[]},"_links":{"self":[{"href":"https:\/\/obrop.uwr.edu.pl\/en\/wp-json\/wp\/v2\/pages\/24402\/"}],"collection":[{"href":"https:\/\/obrop.uwr.edu.pl\/en\/wp-json\/wp\/v2\/pages\/"}],"about":[{"href":"https:\/\/obrop.uwr.edu.pl\/en\/wp-json\/wp\/v2\/types\/page\/"}],"author":[{"embeddable":true,"href":"https:\/\/obrop.uwr.edu.pl\/en\/wp-json\/wp\/v2\/users\/2232\/"}],"replies":[{"embeddable":true,"href":"https:\/\/obrop.uwr.edu.pl\/en\/wp-json\/wp\/v2\/comments\/?post=24402"}],"version-history":[{"count":1,"href":"https:\/\/obrop.uwr.edu.pl\/en\/wp-json\/wp\/v2\/pages\/24402\/revisions\/"}],"predecessor-version":[{"id":24411,"href":"https:\/\/obrop.uwr.edu.pl\/en\/wp-json\/wp\/v2\/pages\/24402\/revisions\/24411\/"}],"wp:attachment":[{"href":"https:\/\/obrop.uwr.edu.pl\/en\/wp-json\/wp\/v2\/media\/?parent=24402"}],"wp:term":[{"taxonomy":"category","embeddable":true,"href":"https:\/\/obrop.uwr.edu.pl\/en\/wp-json\/wp\/v2\/categories\/?post=24402"},{"taxonomy":"post_tag","embeddable":true,"href":"https:\/\/obrop.uwr.edu.pl\/en\/wp-json\/wp\/v2\/tags\/?post=24402"}],"curies":[{"name":"wp","href":"https:\/\/api.w.org\/{rel}","templated":true}]}}