{"id":24176,"date":"2021-04-12T12:11:49","date_gmt":"2021-04-12T10:11:49","guid":{"rendered":"https:\/\/obrop.uwr.edu.pl\/strona-glowna2-2\/"},"modified":"2025-01-13T12:22:33","modified_gmt":"2025-01-13T11:22:33","slug":"strona-glowna2-2","status":"publish","type":"page","link":"https:\/\/obrop.uwr.edu.pl\/en\/","title":{"rendered":"Homepage"},"content":{"rendered":"\n<div class=\"bs_add_mobile_custom_menu\"><\/div>\n\n\n\n<div class=\"wp-block-columns bs-section-baner bs_add_contained_custom_menu is-layout-flex wp-block-columns-is-layout-flex\">\n<div class=\"wp-block-column bs-baner-first-column is-layout-flow wp-block-column-is-layout-flow\" style=\"flex-basis:60%\"><div class=\"n2_clear\"><ss3-force-full-width data-overflow-x=\"body\" data-horizontal-selector=\"body\"><div class=\"n2-section-smartslider fitvidsignore  n2_clear\" data-ssid=\"7\"><div id=\"n2-ss-7-align\" class=\"n2-ss-align\"><div class=\"n2-padding\"><div id=\"n2-ss-7\" data-creator=\"Smart Slider 3\" data-responsive=\"fullwidth\" class=\"n2-ss-slider n2-ow n2-has-hover n2notransition  \"><div class=\"n2-ss-slider-wrapper-inside\">\n        <div class=\"n2-ss-slider-1 n2_ss__touch_element n2-ow\">\n            <div class=\"n2-ss-slider-2 n2-ow\">\n                                                <div class=\"n2-ss-slider-3 n2-ow\">\n\n                    <div class=\"n2-ss-slide-backgrounds n2-ow-all\"><div class=\"n2-ss-slide-background\" data-public-id=\"1\" data-mode=\"fill\"><div class=\"n2-ss-slide-background-image\" data-blur=\"0\" data-opacity=\"100\" data-x=\"50\" data-y=\"50\" data-alt=\"budynek Instytutu Socjologii UWr\" data-title=\"\"><picture class=\"skip-lazy\" data-skip-lazy=\"1\"><img decoding=\"async\" src=\"\/\/obrop.uwr.edu.pl\/wp-content\/uploads\/sites\/570\/2025\/01\/2019_wns_69_Magdalena_Marcula-scaled.jpg\" alt=\"budynek Instytutu Socjologii UWr\" title=\"\" loading=\"lazy\" class=\"skip-lazy\" data-skip-lazy=\"1\"><\/picture><\/div><div data-color=\"RGBA(255,255,255,0)\" style=\"background-color: RGBA(255,255,255,0);\" class=\"n2-ss-slide-background-color\"><\/div><\/div><div class=\"n2-ss-slide-background\" data-public-id=\"2\" data-mode=\"fill\" aria-hidden=\"true\"><div class=\"n2-ss-slide-background-image\" data-blur=\"0\" data-opacity=\"100\" data-x=\"50\" data-y=\"50\" data-alt=\"rzeka, budynki po prawej\" data-title=\"\"><picture class=\"skip-lazy\" data-skip-lazy=\"1\"><img decoding=\"async\" src=\"\/\/obrop.uwr.edu.pl\/wp-content\/uploads\/sites\/570\/2024\/12\/Bez-tytulu1_mfhb77.jpg\" alt=\"rzeka, budynki po prawej\" title=\"\" loading=\"lazy\" class=\"skip-lazy\" data-skip-lazy=\"1\"><\/picture><\/div><div data-color=\"RGBA(255,255,255,0)\" style=\"background-color: RGBA(255,255,255,0);\" class=\"n2-ss-slide-background-color\"><\/div><\/div><\/div>                    <div class=\"n2-ss-slider-4 n2-ow\">\n                        <svg xmlns=\"http:\/\/www.w3.org\/2000\/svg\" viewBox=\"0 0 1200 600\" data-related-device=\"desktopPortrait\" class=\"n2-ow n2-ss-preserve-size n2-ss-preserve-size--slider n2-ss-slide-limiter\"><\/svg><div data-first=\"1\" data-slide-duration=\"0\" data-id=\"60\" data-slide-public-id=\"1\" data-title=\"2019_wns_69_Magdalena_Marcula\" class=\"n2-ss-slide n2-ow  n2-ss-slide-60\"><div role=\"note\" class=\"n2-ss-slide--focus\" tabindex=\"-1\">2019_wns_69_Magdalena_Marcula<\/div><div class=\"n2-ss-layers-container n2-ss-slide-limiter n2-ow\"><div class=\"n2-ss-layer n2-ow n-uc-HuyB3y4cEZ1G\" data-sstype=\"slide\" data-pm=\"default\"><\/div><\/div><\/div><div data-slide-duration=\"0\" data-id=\"66\" data-slide-public-id=\"2\" aria-hidden=\"true\" data-title=\"Bez-tytulu1_mfhb77\" class=\"n2-ss-slide n2-ow  n2-ss-slide-66\"><div role=\"note\" class=\"n2-ss-slide--focus\" tabindex=\"-1\">Bez-tytulu1_mfhb77<\/div><div class=\"n2-ss-layers-container n2-ss-slide-limiter n2-ow\"><div class=\"n2-ss-layer n2-ow n-uc-cx5NcrItXzU9\" data-sstype=\"slide\" data-pm=\"default\"><\/div><\/div><\/div>                    <\/div>\n\n                                    <\/div>\n            <\/div>\n        <\/div>\n        <div class=\"n2-ss-slider-controls n2-ss-slider-controls-absolute-left-center\"><div style=\"--widget-offset:15px;\" class=\"n2-ss-widget nextend-arrow n2-ow-all nextend-arrow-previous  nextend-arrow-animated-fade\" data-hide-mobileportrait=\"1\" id=\"n2-ss-7-arrow-previous\" role=\"button\" aria-label=\"previous arrow\" tabindex=\"0\"><img loading=\"lazy\" decoding=\"async\" width=\"32\" height=\"32\" class=\"skip-lazy\" data-skip-lazy=\"1\" src=\"data:image\/svg+xml;base64,PHN2ZyB3aWR0aD0iMzIiIGhlaWdodD0iMzIiIHZpZXdCb3g9IjAgMCAzMiAzMiIgeG1sbnM9Imh0dHA6Ly93d3cudzMub3JnLzIwMDAvc3ZnIj4KICAgIDxwYXRoIGQ9Ik0xMS40MzMgMTUuOTkyTDIyLjY5IDUuNzEyYy4zOTMtLjM5LjM5My0xLjAzIDAtMS40Mi0uMzkzLS4zOS0xLjAzLS4zOS0xLjQyMyAwbC0xMS45OCAxMC45NGMtLjIxLjIxLS4zLjQ5LS4yODUuNzYtLjAxNS4yOC4wNzUuNTYuMjg0Ljc3bDExLjk4IDEwLjk0Yy4zOTMuMzkgMS4wMy4zOSAxLjQyNCAwIC4zOTMtLjQuMzkzLTEuMDMgMC0xLjQybC0xMS4yNTctMTAuMjkiCiAgICAgICAgICBmaWxsPSIjZmZmZmZmIiBvcGFjaXR5PSIwLjgiIGZpbGwtcnVsZT0iZXZlbm9kZCIvPgo8L3N2Zz4=\" alt=\"previous arrow\"><\/div><\/div><div class=\"n2-ss-slider-controls n2-ss-slider-controls-absolute-right-center\"><div style=\"--widget-offset:15px;\" class=\"n2-ss-widget nextend-arrow n2-ow-all nextend-arrow-next  nextend-arrow-animated-fade\" data-hide-mobileportrait=\"1\" id=\"n2-ss-7-arrow-next\" role=\"button\" aria-label=\"next arrow\" tabindex=\"0\"><img loading=\"lazy\" decoding=\"async\" width=\"32\" height=\"32\" class=\"skip-lazy\" data-skip-lazy=\"1\" src=\"data:image\/svg+xml;base64,PHN2ZyB3aWR0aD0iMzIiIGhlaWdodD0iMzIiIHZpZXdCb3g9IjAgMCAzMiAzMiIgeG1sbnM9Imh0dHA6Ly93d3cudzMub3JnLzIwMDAvc3ZnIj4KICAgIDxwYXRoIGQ9Ik0xMC43MjIgNC4yOTNjLS4zOTQtLjM5LTEuMDMyLS4zOS0xLjQyNyAwLS4zOTMuMzktLjM5MyAxLjAzIDAgMS40MmwxMS4yODMgMTAuMjgtMTEuMjgzIDEwLjI5Yy0uMzkzLjM5LS4zOTMgMS4wMiAwIDEuNDIuMzk1LjM5IDEuMDMzLjM5IDEuNDI3IDBsMTIuMDA3LTEwLjk0Yy4yMS0uMjEuMy0uNDkuMjg0LS43Ny4wMTQtLjI3LS4wNzYtLjU1LS4yODYtLjc2TDEwLjcyIDQuMjkzeiIKICAgICAgICAgIGZpbGw9IiNmZmZmZmYiIG9wYWNpdHk9IjAuOCIgZmlsbC1ydWxlPSJldmVub2RkIi8+Cjwvc3ZnPg==\" alt=\"next arrow\"><\/div><\/div><\/div><\/div><ss3-loader><\/ss3-loader><\/div><\/div><div class=\"n2_clear\"><\/div><\/div><\/ss3-force-full-width><\/div>\n\n\n<p><\/p>\n<\/div>\n\n\n\n<div class=\"wp-block-column is-layout-flow wp-block-column-is-layout-flow\" style=\"flex-basis:5%\"><\/div>\n\n\n\n<div class=\"wp-block-column bs-baner-second-column is-layout-flow wp-block-column-is-layout-flow\" style=\"flex-basis:40%\">\n<div style=\"height:100px\" aria-hidden=\"true\" class=\"wp-block-spacer\"><\/div>\n\n\n\n<h2 class=\"wp-block-heading\"><span style=\"color: #000000\" class=\"ugb-highlight\">The Centre for Regional and Borderlands Studies<\/span><\/h2>\n\n\n\r\n<div class=\"bs_block__container\">\r\n    <a title=\"read more\" class=\"button2__link\" href=\"about-us\">\r\n        <div class=\"button2\">\r\n            <span class=\"c-button__arrow2\">\r\n                <svg class=\"c-arrow2\" width=\"40px\" height=\"40px\" alt=\"\" viewBox=\"0 0 22 16\" version=\"1.1\">\r\n                    <g class=\"c-arrow__g2\" stroke=\"none\" strokeWidth=\"1\" fill=\"none\" fillRule=\"evenodd\">\r\n                        <g class=\"c-arrow__g2\">\r\n                            <rect id=\"c-arrow__rect2\" x=\"0\" y=\"7\" width=\"20\" height=\"2\" transform=\"scale(0,1)\" \/>\r\n                            <polygon points=\"13.4875 0 12 1.6215 18.7875 8 12 14.3795 13.4875 16 21.9995 8\" \/>\r\n                        <\/g>\r\n                    <\/g>\r\n                <\/svg>\r\n            <\/span>\r\n            <span class=\"c-button__inner2\">read more<\/span>\r\n        <\/div>\r\n    <\/a>\r\n<\/div>\n\n\n<figure class=\"wp-block-image alignright size-full bs-baner-badawcza\"><img loading=\"lazy\" decoding=\"async\" width=\"1024\" height=\"502\" src=\"https:\/\/obrop.uwr.edu.pl\/wp-content\/uploads\/sites\/570\/2021\/04\/213@2x-1024x502-1.webp\" alt=\"Uczelnia badawcza - banner\" class=\"wp-image-22629\" srcset=\"https:\/\/obrop.uwr.edu.pl\/wp-content\/uploads\/sites\/570\/2021\/04\/213@2x-1024x502-1.webp 1024w, https:\/\/obrop.uwr.edu.pl\/wp-content\/uploads\/sites\/570\/2021\/04\/213@2x-1024x502-1-300x147.webp 300w, https:\/\/obrop.uwr.edu.pl\/wp-content\/uploads\/sites\/570\/2021\/04\/213@2x-1024x502-1-768x377.webp 768w, https:\/\/obrop.uwr.edu.pl\/wp-content\/uploads\/sites\/570\/2021\/04\/213@2x-1024x502-1-24x12.webp 24w, https:\/\/obrop.uwr.edu.pl\/wp-content\/uploads\/sites\/570\/2021\/04\/213@2x-1024x502-1-36x18.webp 36w, https:\/\/obrop.uwr.edu.pl\/wp-content\/uploads\/sites\/570\/2021\/04\/213@2x-1024x502-1-48x24.webp 48w\" sizes=\"auto, (max-width: 1024px) 100vw, 1024px\" \/><figcaption class=\"wp-element-caption\"><a href=\"https:\/\/badawczy.uwr.edu.pl\/\" target=\"_blank\" rel=\"noreferrer noopener\"><\/a><\/figcaption><\/figure>\n<\/div>\n<\/div>\n\n\n<div id=\"NewsID\" class=\"aktualnosci-block aktualnosci-block \">\n    <h2 class=\"aktualnosci-block-naglowek aktualnosci-block-naglowek\">News<\/h2>    <div class=\"row\">\n                    <div class=\"row first-row\">\n                <div class=\"first-box\">\n                                        <a href=\"https:\/\/obrop.uwr.edu.pl\/en\/2025\/01\/13\/i-kongres-badaczy-i-badaczek-granic-i-pograniczy-wroclaw-opole-16-18-wrzesnia-2024\/\">\n                        <div class=\"first-box-header\">\n                                                                                    <div class=\"first-box-background\" style=\"background-image: url('https:\/\/obrop.uwr.edu.pl\/wp-content\/uploads\/sites\/570\/2025\/01\/obrop3-1024x576.jpg')\">\n                                <div class=\"first-box-overlay\">\n                                    <div class=\"first-box-title\">\n                                        <h3>1st Congres of the researches of borders and borderlands, 16-18 September 2024, Wroc\u0142aw &amp; Opole<\/h3>\n                                    <\/div>\n                                <\/div>\n                            <\/div>\n                        <\/div>\n                    <\/a>\n                    <div class=\"first-box-content\">\n                        <span class=\"first-box-content-span\">\n                                                    <\/span>\n                    <\/div>\n                <\/div>\n                            <\/div>\n            <div class=\"box-clear\"><\/div>\n            <div class=\"row\">\n                                    <div class=\"news-box box-number-1\">\n                        <a class=\"news-box-link\" href=\"https:\/\/obrop.uwr.edu.pl\/en\/2025\/01\/13\/staz-badawczy-elzbiety-opilowskiej-w-leibniz-institute-for-regional-geography\/\" title=\"El\u017cbieta Opi\u0142owska's research\" >\n                            <div class=\"news-box-wrap\">\n                                <div class=\"news-box-header\">\n                                                                                                            <div class=\"news-box-background\" style=\"background-image: url('https:\/\/obrop.uwr.edu.pl\/wp-content\/uploads\/sites\/570\/2025\/01\/obrop1-1024x537.jpg')\">\n                                        <div class=\"second-box-overlay\">\n                                            <div class=\"news-box-content\">\n                                                <span><\/span>\n                                            <\/div>\n                                        <\/div>\n                                    <\/div>\n                                <\/div>                            \n                                <div class=\"news-box-title\">\n                                    <h3>\n                                        El\u017cbieta Opi\u0142owska&#8217;s research stay at the Leibniz Institute for Regional [&#8230;]                                    <\/h3>\n                                <\/div> \n                               \n                            <\/div>\n                        <\/a> \n                    <\/div>\n                                                                    <\/div>\n            <div class=\"box-clear\"><\/div>\n            <div class=\"element-aktualnosci-more\">\n                <div class=\"element-aktualnosci-wrap-more\">\n                    <a href=\"\/aktualnosci\" title=\"aktualno\u015bci\">\n                        <div class=\"button2\">\n                            <span class=\"c-button__arrow2\">\n                                <svg class=\"c-arrow2\" width=\"40px\" height=\"40px\" viewBox=\"0 0 22 16\" version=\"1.1\" xmlns=\"http:\/\/www.w3.org\/2000\/svg\" xmlns:xlink=\"http:\/\/www.w3.org\/1999\/xlink\">\n                                    <g class=\"c-arrow__g2\" stroke=\"none\" stroke-width=\"1\" fill=\"none\" fill-rule=\"evenodd\">\n                                        <g class=\"c-arrow__g2\">\n                                            <rect class=\"\" id=\"c-arrow__rect2\" x=\"0\" y=\"7\" width=\"20\" height=\"2\" transform=\"scale(0,1)\"><\/rect>\n                                            <polygon points=\"13.4875 0 12 1.6215 18.7875 8 12 14.3795 13.4875 16 21.9995 8\"><\/polygon>\n                                        <\/g>\n                                    <\/g>\n                                <\/svg>\n                            <\/span>\n                            <span class=\"c-button__inner2\">Show All <\/span>\n                        <\/div>\n                    <\/a>\n                <\/div>\n            <\/div>\n            <\/div>\n    <div class=\"box-clear\"><\/div>\n<\/div>\n\n\n\n<hr class=\"wp-block-separator has-text-color has-css-opacity has-background is-style-wide bs-border-na-sztywno\" style=\"background-color:#fcbd30;color:#fcbd30\"\/>\n","protected":false},"excerpt":{"rendered":"<p>The Centre for Regional and Borderlands Studies<\/p>\n","protected":false},"author":20,"featured_media":0,"parent":0,"menu_order":0,"comment_status":"closed","ping_status":"closed","template":"","meta":{"_acf_changed":false,"inline_featured_image":false,"site-sidebar-layout":"no-sidebar","site-content-layout":"page-builder","ast-site-content-layout":"full-width-container","site-content-style":"unboxed","site-sidebar-style":"unboxed","ast-global-header-display":"","ast-banner-title-visibility":"","ast-main-header-display":"","ast-hfb-above-header-display":"","ast-hfb-below-header-display":"","ast-hfb-mobile-header-display":"","site-post-title":"disabled","ast-breadcrumbs-content":"","ast-featured-img":"","footer-sml-layout":"","ast-disable-related-posts":"","theme-transparent-header-meta":"default","adv-header-id-meta":"","stick-header-meta":"","header-above-stick-meta":"","header-main-stick-meta":"","header-below-stick-meta":"","astra-migrate-meta-layouts":"set","ast-page-background-enabled":"default","ast-page-background-meta":{"desktop":{"background-color":"","background-image":"","background-repeat":"repeat","background-position":"center center","background-size":"auto","background-attachment":"scroll","background-type":"","background-media":"","overlay-type":"","overlay-color":"","overlay-opacity":"","overlay-gradient":""},"tablet":{"background-color":"","background-image":"","background-repeat":"repeat","background-position":"center center","background-size":"auto","background-attachment":"scroll","background-type":"","background-media":"","overlay-type":"","overlay-color":"","overlay-opacity":"","overlay-gradient":""},"mobile":{"background-color":"","background-image":"","background-repeat":"repeat","background-position":"center center","background-size":"auto","background-attachment":"scroll","background-type":"","background-media":"","overlay-type":"","overlay-color":"","overlay-opacity":"","overlay-gradient":""}},"ast-content-background-meta":{"desktop":{"background-color":"var(--ast-global-color-5)","background-image":"","background-repeat":"repeat","background-position":"center center","background-size":"auto","background-attachment":"scroll","background-type":"","background-media":"","overlay-type":"","overlay-color":"","overlay-opacity":"","overlay-gradient":""},"tablet":{"background-color":"var(--ast-global-color-5)","background-image":"","background-repeat":"repeat","background-position":"center center","background-size":"auto","background-attachment":"scroll","background-type":"","background-media":"","overlay-type":"","overlay-color":"","overlay-opacity":"","overlay-gradient":""},"mobile":{"background-color":"var(--ast-global-color-5)","background-image":"","background-repeat":"repeat","background-position":"center center","background-size":"auto","background-attachment":"scroll","background-type":"","background-media":"","overlay-type":"","overlay-color":"","overlay-opacity":"","overlay-gradient":""}},"footnotes":""},"categories":[],"tags":[],"class_list":["post-24176","page","type-page","status-publish","hentry"],"featured_image_urls_v2":{"full":"","thumbnail":"","medium":"","medium_large":"","large":"","1536x1536":"","2048x2048":"","menu-24x24":"","menu-36x36":"","menu-48x48":""},"post_excerpt_stackable_v2":"<p>2019_wns_69_Magdalena_MarculaBez-tytulu1_mfhb77 The Centre for Regional and Borderlands Studies read more News 1st Congres of the researches of borders and borderlands, 16-18 September 2024, Wroc\u0142aw &amp; Opole El\u017cbieta Opi\u0142owska&#8217;s research stay at the Leibniz Institute for Regional [&#8230;] Show All<\/p>\n","category_list_v2":"Uncategorized","author_info_v2":{"name":"mmatlinski","url":"https:\/\/obrop.uwr.edu.pl\/en\/author\/mmatlinski\/"},"comments_num_v2":"0 comments","acf":[],"yoast_head":"<!-- This site is optimized with the Yoast SEO plugin v27.1.1 - https:\/\/yoast.com\/product\/yoast-seo-wordpress\/ -->\n<title>Homepage - O\u015brodek Bada\u0144 Regionalnych i Obszar\u00f3w Pogranicza<\/title>\n<meta name=\"robots\" content=\"index, follow, max-snippet:-1, max-image-preview:large, max-video-preview:-1\" \/>\n<link rel=\"canonical\" href=\"https:\/\/obrop.uwr.edu.pl\/en\/\" \/>\n<meta property=\"og:locale\" content=\"en_US\" \/>\n<meta property=\"og:type\" content=\"article\" \/>\n<meta property=\"og:title\" content=\"Homepage - O\u015brodek Bada\u0144 Regionalnych i Obszar\u00f3w Pogranicza\" \/>\n<meta property=\"og:description\" content=\"The Centre for Regional and Borderlands Studies\" \/>\n<meta property=\"og:url\" content=\"https:\/\/obrop.uwr.edu.pl\/en\/\" \/>\n<meta property=\"og:site_name\" content=\"O\u015brodek Bada\u0144 Regionalnych i Obszar\u00f3w Pogranicza\" \/>\n<meta property=\"article:modified_time\" content=\"2025-01-13T11:22:33+00:00\" \/>\n<meta property=\"og:image\" content=\"https:\/\/obrop.uwr.edu.pl\/wp-content\/uploads\/sites\/570\/2021\/04\/213@2x-1024x502-1.webp\" \/>\n<meta name=\"twitter:card\" content=\"summary_large_image\" \/>\n<meta name=\"twitter:label1\" content=\"Est. reading time\" \/>\n\t<meta name=\"twitter:data1\" content=\"1 minute\" \/>\n<script type=\"application\/ld+json\" class=\"yoast-schema-graph\">{\"@context\":\"https:\/\/schema.org\",\"@graph\":[{\"@type\":\"WebPage\",\"@id\":\"https:\/\/obrop.uwr.edu.pl\/en\/\",\"url\":\"https:\/\/obrop.uwr.edu.pl\/en\/\",\"name\":\"Homepage - O\u015brodek Bada\u0144 Regionalnych i Obszar\u00f3w Pogranicza\",\"isPartOf\":{\"@id\":\"https:\/\/obrop.uwr.edu.pl\/#website\"},\"primaryImageOfPage\":{\"@id\":\"https:\/\/obrop.uwr.edu.pl\/en\/#primaryimage\"},\"image\":{\"@id\":\"https:\/\/obrop.uwr.edu.pl\/en\/#primaryimage\"},\"thumbnailUrl\":\"https:\/\/obrop.uwr.edu.pl\/wp-content\/uploads\/sites\/570\/2021\/04\/213@2x-1024x502-1.webp\",\"datePublished\":\"2021-04-12T10:11:49+00:00\",\"dateModified\":\"2025-01-13T11:22:33+00:00\",\"breadcrumb\":{\"@id\":\"https:\/\/obrop.uwr.edu.pl\/en\/#breadcrumb\"},\"inLanguage\":\"en-US\",\"potentialAction\":[{\"@type\":\"ReadAction\",\"target\":[\"https:\/\/obrop.uwr.edu.pl\/en\/\"]}]},{\"@type\":\"ImageObject\",\"inLanguage\":\"en-US\",\"@id\":\"https:\/\/obrop.uwr.edu.pl\/en\/#primaryimage\",\"url\":\"https:\/\/obrop.uwr.edu.pl\/wp-content\/uploads\/sites\/570\/2021\/04\/213@2x-1024x502-1.webp\",\"contentUrl\":\"https:\/\/obrop.uwr.edu.pl\/wp-content\/uploads\/sites\/570\/2021\/04\/213@2x-1024x502-1.webp\"},{\"@type\":\"BreadcrumbList\",\"@id\":\"https:\/\/obrop.uwr.edu.pl\/en\/#breadcrumb\",\"itemListElement\":[{\"@type\":\"ListItem\",\"position\":1,\"name\":\"Strona g\u0142\u00f3wna\",\"item\":\"https:\/\/obrop.uwr.edu.pl\/en\/\"},{\"@type\":\"ListItem\",\"position\":2,\"name\":\"Homepage\"}]},{\"@type\":\"WebSite\",\"@id\":\"https:\/\/obrop.uwr.edu.pl\/#website\",\"url\":\"https:\/\/obrop.uwr.edu.pl\/\",\"name\":\"O\u015brodek Bada\u0144 Regionalnych i Obszar\u00f3w Pogranicza\",\"description\":\"Kolejna witryna sieci \u201eUWR Witryny\u201d\",\"publisher\":{\"@id\":\"https:\/\/obrop.uwr.edu.pl\/#organization\"},\"potentialAction\":[{\"@type\":\"SearchAction\",\"target\":{\"@type\":\"EntryPoint\",\"urlTemplate\":\"https:\/\/obrop.uwr.edu.pl\/?s={search_term_string}\"},\"query-input\":{\"@type\":\"PropertyValueSpecification\",\"valueRequired\":true,\"valueName\":\"search_term_string\"}}],\"inLanguage\":\"en-US\"},{\"@type\":\"Organization\",\"@id\":\"https:\/\/obrop.uwr.edu.pl\/#organization\",\"name\":\"O\u015brodek Bada\u0144 Regionalnych i Obszar\u00f3w Pogranicza\",\"url\":\"https:\/\/obrop.uwr.edu.pl\/\",\"logo\":{\"@type\":\"ImageObject\",\"inLanguage\":\"en-US\",\"@id\":\"https:\/\/obrop.uwr.edu.pl\/#\/schema\/logo\/image\/\",\"url\":\"https:\/\/obrop.uwr.edu.pl\/wp-content\/uploads\/sites\/570\/2025\/10\/UWr-logotyp-2025.png\",\"contentUrl\":\"https:\/\/obrop.uwr.edu.pl\/wp-content\/uploads\/sites\/570\/2025\/10\/UWr-logotyp-2025.png\",\"width\":764,\"height\":269,\"caption\":\"O\u015brodek Bada\u0144 Regionalnych i Obszar\u00f3w Pogranicza\"},\"image\":{\"@id\":\"https:\/\/obrop.uwr.edu.pl\/#\/schema\/logo\/image\/\"}}]}<\/script>\n<!-- \/ Yoast SEO plugin. -->","yoast_head_json":{"title":"Homepage - O\u015brodek Bada\u0144 Regionalnych i Obszar\u00f3w Pogranicza","robots":{"index":"index","follow":"follow","max-snippet":"max-snippet:-1","max-image-preview":"max-image-preview:large","max-video-preview":"max-video-preview:-1"},"canonical":"https:\/\/obrop.uwr.edu.pl\/en\/","og_locale":"en_US","og_type":"article","og_title":"Homepage - O\u015brodek Bada\u0144 Regionalnych i Obszar\u00f3w Pogranicza","og_description":"The Centre for Regional and Borderlands Studies","og_url":"https:\/\/obrop.uwr.edu.pl\/en\/","og_site_name":"O\u015brodek Bada\u0144 Regionalnych i Obszar\u00f3w Pogranicza","article_modified_time":"2025-01-13T11:22:33+00:00","og_image":[{"url":"https:\/\/obrop.uwr.edu.pl\/wp-content\/uploads\/sites\/570\/2021\/04\/213@2x-1024x502-1.webp","type":"","width":"","height":""}],"twitter_card":"summary_large_image","twitter_misc":{"Est. reading time":"1 minute"},"schema":{"@context":"https:\/\/schema.org","@graph":[{"@type":"WebPage","@id":"https:\/\/obrop.uwr.edu.pl\/en\/","url":"https:\/\/obrop.uwr.edu.pl\/en\/","name":"Homepage - O\u015brodek Bada\u0144 Regionalnych i Obszar\u00f3w Pogranicza","isPartOf":{"@id":"https:\/\/obrop.uwr.edu.pl\/#website"},"primaryImageOfPage":{"@id":"https:\/\/obrop.uwr.edu.pl\/en\/#primaryimage"},"image":{"@id":"https:\/\/obrop.uwr.edu.pl\/en\/#primaryimage"},"thumbnailUrl":"https:\/\/obrop.uwr.edu.pl\/wp-content\/uploads\/sites\/570\/2021\/04\/213@2x-1024x502-1.webp","datePublished":"2021-04-12T10:11:49+00:00","dateModified":"2025-01-13T11:22:33+00:00","breadcrumb":{"@id":"https:\/\/obrop.uwr.edu.pl\/en\/#breadcrumb"},"inLanguage":"en-US","potentialAction":[{"@type":"ReadAction","target":["https:\/\/obrop.uwr.edu.pl\/en\/"]}]},{"@type":"ImageObject","inLanguage":"en-US","@id":"https:\/\/obrop.uwr.edu.pl\/en\/#primaryimage","url":"https:\/\/obrop.uwr.edu.pl\/wp-content\/uploads\/sites\/570\/2021\/04\/213@2x-1024x502-1.webp","contentUrl":"https:\/\/obrop.uwr.edu.pl\/wp-content\/uploads\/sites\/570\/2021\/04\/213@2x-1024x502-1.webp"},{"@type":"BreadcrumbList","@id":"https:\/\/obrop.uwr.edu.pl\/en\/#breadcrumb","itemListElement":[{"@type":"ListItem","position":1,"name":"Strona g\u0142\u00f3wna","item":"https:\/\/obrop.uwr.edu.pl\/en\/"},{"@type":"ListItem","position":2,"name":"Homepage"}]},{"@type":"WebSite","@id":"https:\/\/obrop.uwr.edu.pl\/#website","url":"https:\/\/obrop.uwr.edu.pl\/","name":"O\u015brodek Bada\u0144 Regionalnych i Obszar\u00f3w Pogranicza","description":"Kolejna witryna sieci \u201eUWR Witryny\u201d","publisher":{"@id":"https:\/\/obrop.uwr.edu.pl\/#organization"},"potentialAction":[{"@type":"SearchAction","target":{"@type":"EntryPoint","urlTemplate":"https:\/\/obrop.uwr.edu.pl\/?s={search_term_string}"},"query-input":{"@type":"PropertyValueSpecification","valueRequired":true,"valueName":"search_term_string"}}],"inLanguage":"en-US"},{"@type":"Organization","@id":"https:\/\/obrop.uwr.edu.pl\/#organization","name":"O\u015brodek Bada\u0144 Regionalnych i Obszar\u00f3w Pogranicza","url":"https:\/\/obrop.uwr.edu.pl\/","logo":{"@type":"ImageObject","inLanguage":"en-US","@id":"https:\/\/obrop.uwr.edu.pl\/#\/schema\/logo\/image\/","url":"https:\/\/obrop.uwr.edu.pl\/wp-content\/uploads\/sites\/570\/2025\/10\/UWr-logotyp-2025.png","contentUrl":"https:\/\/obrop.uwr.edu.pl\/wp-content\/uploads\/sites\/570\/2025\/10\/UWr-logotyp-2025.png","width":764,"height":269,"caption":"O\u015brodek Bada\u0144 Regionalnych i Obszar\u00f3w Pogranicza"},"image":{"@id":"https:\/\/obrop.uwr.edu.pl\/#\/schema\/logo\/image\/"}}]}},"publishpress_future_action":{"enabled":false,"date":"2026-05-03 22:51:12","action":"change-status","newStatus":"draft","terms":[],"taxonomy":"category","extraData":[]},"publishpress_future_workflow_manual_trigger":{"enabledWorkflows":[]},"_links":{"self":[{"href":"https:\/\/obrop.uwr.edu.pl\/en\/wp-json\/wp\/v2\/pages\/24176\/"}],"collection":[{"href":"https:\/\/obrop.uwr.edu.pl\/en\/wp-json\/wp\/v2\/pages\/"}],"about":[{"href":"https:\/\/obrop.uwr.edu.pl\/en\/wp-json\/wp\/v2\/types\/page\/"}],"author":[{"embeddable":true,"href":"https:\/\/obrop.uwr.edu.pl\/en\/wp-json\/wp\/v2\/users\/20\/"}],"replies":[{"embeddable":true,"href":"https:\/\/obrop.uwr.edu.pl\/en\/wp-json\/wp\/v2\/comments\/?post=24176"}],"version-history":[{"count":2,"href":"https:\/\/obrop.uwr.edu.pl\/en\/wp-json\/wp\/v2\/pages\/24176\/revisions\/"}],"predecessor-version":[{"id":24369,"href":"https:\/\/obrop.uwr.edu.pl\/en\/wp-json\/wp\/v2\/pages\/24176\/revisions\/24369\/"}],"wp:attachment":[{"href":"https:\/\/obrop.uwr.edu.pl\/en\/wp-json\/wp\/v2\/media\/?parent=24176"}],"wp:term":[{"taxonomy":"category","embeddable":true,"href":"https:\/\/obrop.uwr.edu.pl\/en\/wp-json\/wp\/v2\/categories\/?post=24176"},{"taxonomy":"post_tag","embeddable":true,"href":"https:\/\/obrop.uwr.edu.pl\/en\/wp-json\/wp\/v2\/tags\/?post=24176"}],"curies":[{"name":"wp","href":"https:\/\/api.w.org\/{rel}","templated":true}]}}